{"id":108,"date":"2025-10-17T11:42:36","date_gmt":"2025-10-17T11:42:36","guid":{"rendered":"https:\/\/www.hotakainen.com\/?page_id=108"},"modified":"2026-02-21T05:33:30","modified_gmt":"2026-02-21T05:33:30","slug":"valokuvausta","status":"publish","type":"page","link":"https:\/\/www.hotakainen.com\/","title":{"rendered":"Valokuvausta"},"content":{"rendered":"\n<p class=\"has-text-color has-link-color wp-elements-750440e4defcdc845e5bc212b61cf0ba\" style=\"color:#19b005\">Passikuvat 15\u20ac kappale ja loput samasta perheest\u00e4 +5\u20ac ( passikuvat menee suoraan poliisin lupapalveluun ja koodi l\u00e4hetet\u00e4\u00e4n puhelimeen). my\u00f6s muutkin kuvat onnistuu. Odotusajan kuvat, lapsikuvat ylioppilaskuvat, el\u00e4in tai lemmikkikuvaus ym ym kysym\u00e4ll\u00e4 selvi\u00e4\u00e4 lis\u00e4\u00e4 sek\u00e4 mahdollista ottaa my\u00f6s illalla kuvat ja viikoloppuisin. <a href=\"https:\/\/maps.app.goo.gl\/45t2sTEdeLLbZf3t8\">Osoite Kukontie 1 as 1 54100 Joutseno<\/a> (Honkalahti) 040 5585320<\/p>\n\n\n\n<p class=\"has-text-color has-link-color wp-elements-63c21898cafed599404d97582ed73e87\" style=\"color:#19b005\">Lis\u00e4\u00e4 kuvia ja videoita l\u00f6ytyy linkeist\u00e4:: <a href=\"https:\/\/www.facebook.com\/HotakainenJani\/\">Facebook<\/a> <a href=\"https:\/\/www.instagram.com\/j.hotakainen\/\">Instagram<\/a> ja <a href=\"https:\/\/www.youtube.com\/@Hotakainen-Jani\/videos\">Youtube<\/a><\/p>\n\n\n\n<p class=\"has-text-color has-link-color wp-elements-9531deb0f2334cabdfd77ddf2e10e390\" style=\"color:#19b005\">Videop\u00e4tk\u00e4 koosteena valokuvista mit\u00e4 ajansaatossa ottanut. ja alempana linkki kuvakirjaan.<\/p>\n\n\n\n<figure class=\"wp-block-embed is-type-video is-provider-youtube wp-block-embed-youtube wp-embed-aspect-16-9 wp-has-aspect-ratio\"><div class=\"wp-block-embed__wrapper\">\n<iframe loading=\"lazy\" title=\"Photography\" width=\"960\" height=\"540\" src=\"https:\/\/www.youtube.com\/embed\/mKnTTtZxjYc?feature=oembed\" frameborder=\"0\" allow=\"accelerometer; autoplay; clipboard-write; encrypted-media; gyroscope; picture-in-picture; web-share\" referrerpolicy=\"strict-origin-when-cross-origin\" allowfullscreen><\/iframe>\n<\/div><\/figure>\n\n\n\n<p class=\"has-text-color has-link-color wp-elements-0a909a0f084a1d1fd4569c3c59551f82\" style=\"color:#19b005\"><a href=\"https:\/\/online.fliphtml5.com\/Valokuvaus\/qxwi\/\" target=\"_blank\" rel=\"noreferrer noopener\">Linkki kuvakirjaan jossa luontokuvia ym vuosin varrelta<\/a><\/p>\n\n\n\n<div class=\"wp-block-columns is-layout-flex wp-container-core-columns-is-layout-28f84493 wp-block-columns-is-layout-flex\">\n<div class=\"wp-block-column is-layout-flow wp-block-column-is-layout-flow\" style=\"flex-basis:50%\"><\/div>\n<\/div>\n","protected":false},"excerpt":{"rendered":"<p>Passikuvat 15\u20ac kappale ja loput samasta perheest\u00e4 +5\u20ac ( passikuvat menee suoraan poliisin lupapalveluun ja koodi l\u00e4hetet\u00e4\u00e4n puhelimeen). my\u00f6s muutkin kuvat onnistuu. Odotusajan kuvat, lapsikuvat ylioppilaskuvat, el\u00e4in tai lemmikkikuvaus ym ym kysym\u00e4ll\u00e4 selvi\u00e4\u00e4 lis\u00e4\u00e4 sek\u00e4 mahdollista ottaa my\u00f6s illalla kuvat ja viikoloppuisin. Osoite Kukontie 1 as 1 54100 Joutseno (Honkalahti) 040 5585320 Lis\u00e4\u00e4 kuvia ja videoita l\u00f6ytyy linkeist\u00e4:: Facebook Instagram ja Youtube Videop\u00e4tk\u00e4 koosteena valokuvista mit\u00e4 ajansaatossa ottanut. ja alempana linkki kuvakirjaan. Linkki kuvakirjaan jossa luontokuvia ym vuosin varrelta<\/p>\n","protected":false},"author":1,"featured_media":0,"parent":0,"menu_order":0,"comment_status":"closed","ping_status":"closed","template":"","meta":{"ngg_post_thumbnail":0,"footnotes":""},"categories":[],"tags":[45,47,48,52,50,42,41,27,51,49,46,28,24,25,43,38,44,53,39,40,26],"class_list":["post-108","page","type-page","status-publish","hentry","tag-boudoir","tag-bregnant","tag-bregnant-photography","tag-dogpotret","tag-elainkuvaus","tag-hautajaiset","tag-hautajaiset-valokuvaus","tag-hotakainen","tag-koirakuvaus","tag-lemmikkikuvaus","tag-mallikuvat","tag-nude-art-photography","tag-nude-art","tag-nude-art-valokuvaus","tag-odotusaika","tag-odotusajan-kuvat","tag-odotusajanvalokuvaus","tag-pregnant-photos","tag-raskaus-ajan-kuvaus","tag-raskausajan-valokuvaus","tag-valokuvaus"],"_links":{"self":[{"href":"https:\/\/www.hotakainen.com\/index.php\/wp-json\/wp\/v2\/pages\/108","targetHints":{"allow":["GET"]}}],"collection":[{"href":"https:\/\/www.hotakainen.com\/index.php\/wp-json\/wp\/v2\/pages"}],"about":[{"href":"https:\/\/www.hotakainen.com\/index.php\/wp-json\/wp\/v2\/types\/page"}],"author":[{"embeddable":true,"href":"https:\/\/www.hotakainen.com\/index.php\/wp-json\/wp\/v2\/users\/1"}],"replies":[{"embeddable":true,"href":"https:\/\/www.hotakainen.com\/index.php\/wp-json\/wp\/v2\/comments?post=108"}],"version-history":[{"count":29,"href":"https:\/\/www.hotakainen.com\/index.php\/wp-json\/wp\/v2\/pages\/108\/revisions"}],"predecessor-version":[{"id":1154,"href":"https:\/\/www.hotakainen.com\/index.php\/wp-json\/wp\/v2\/pages\/108\/revisions\/1154"}],"wp:attachment":[{"href":"https:\/\/www.hotakainen.com\/index.php\/wp-json\/wp\/v2\/media?parent=108"}],"wp:term":[{"taxonomy":"category","embeddable":true,"href":"https:\/\/www.hotakainen.com\/index.php\/wp-json\/wp\/v2\/categories?post=108"},{"taxonomy":"post_tag","embeddable":true,"href":"https:\/\/www.hotakainen.com\/index.php\/wp-json\/wp\/v2\/tags?post=108"}],"curies":[{"name":"wp","href":"https:\/\/api.w.org\/{rel}","templated":true}]}}